{"id":18859,"date":"2014-06-02T09:22:38","date_gmt":"2014-06-02T09:22:38","guid":{"rendered":"http:\/\/demo.select-themes.com\/stockholm1\/?page_id=18859"},"modified":"2016-12-06T23:59:05","modified_gmt":"2016-12-06T23:59:05","slug":"atelier","status":"publish","type":"page","link":"https:\/\/www.a3mais.com\/cms\/atelier\/","title":{"rendered":"Atelier"},"content":{"rendered":"<div class=\"wpb-content-wrapper\"><p>[vc_row][vc_column width=&#8221;1\/1&#8243;][blockquote text=&#8221;Porque n\u00f3s amamos o que fazemos&#8221; show_quote_icon=&#8221;yes&#8221;][\/vc_column][\/vc_row][vc_row row_type=&#8221;row&#8221; type=&#8221;grid&#8221; icon_pack=&#8221;font_awesome&#8221; content_menu_fe_icon=&#8221;arrow_back&#8221; text_align=&#8221;left&#8221; background_color=&#8221;#ffffff&#8221; padding_top=&#8221;80&#8243; padding_bottom=&#8221;111&#8243; use_row_as_full_screen_section=&#8221;no&#8221;][vc_column width=&#8221;1\/2&#8243;][vc_column_text]<\/p>\n<h4>Quem somos<\/h4>\n<p>[\/vc_column_text][vc_separator type=&#8221;transparent&#8221; position=&#8221;center&#8221; thickness=&#8221;1&#8243; up=&#8221;28&#8243; down=&#8221;0&#8243;][vc_column_text]<\/p>\n<h2>Um pouco sobre n\u00f3s<\/h2>\n<p>[\/vc_column_text][vc_separator type=&#8221;transparent&#8221; position=&#8221;center&#8221; thickness=&#8221;1&#8243; up=&#8221;40&#8243; down=&#8221;0&#8243;][vc_column_text]A a3+ apresenta-se como uma empresa que elabora projectos nas \u00e1reas da Arquitectura, Design\/Remodela\u00e7\u00f5es, Home Staging, Consultoria, Eventos e Comunica\u00e7\u00e3o.<\/p>\n<p>&nbsp;<\/p>\n<p>&nbsp;<\/p>\n<p>Trabalhamos com os mais diversos programas desde espa\u00e7os residenciais, comerciais, industriais, urban\u00edsticos, escrit\u00f3rios, equipamentos tur\u00edsticos, design de produtos, design, eventos e comunica\u00e7\u00e3o.<\/p>\n<p>&nbsp;<\/p>\n<p>&nbsp;<\/p>\n<p>Desenvolvemos ainda uma crescente gama de projectos especializados e personalizados destinados exclusivamente ao p\u00fablico infantil.[\/vc_column_text][\/vc_column][vc_column width=&#8221;1\/2&#8243;][vc_separator type=&#8221;transparent&#8221; position=&#8221;center&#8221; thickness=&#8221;1&#8243; up=&#8221;145&#8243; down=&#8221;0&#8243;][progress_bar show_percent_mark=&#8221;with_mark&#8221; title=&#8221;Arquitectura&#8221; percent=&#8221;65&#8243; percent_color=&#8221;#8b8b8b&#8221;][vc_separator type=&#8221;transparent&#8221; position=&#8221;center&#8221; thickness=&#8221;1&#8243; up=&#8221;33&#8243; down=&#8221;0&#8243;][progress_bar show_percent_mark=&#8221;with_mark&#8221; title=&#8221;Design&#8221; percent=&#8221;52&#8243; percent_color=&#8221;#8b8b8b&#8221;][vc_separator type=&#8221;transparent&#8221; position=&#8221;center&#8221; thickness=&#8221;1&#8243; up=&#8221;33&#8243; down=&#8221;0&#8243;][progress_bar show_percent_mark=&#8221;with_mark&#8221; title=&#8221;Remodela\u00e7\u00f5es&#8221; percent=&#8221;84&#8243; percent_color=&#8221;#8b8b8b&#8221;][vc_separator type=&#8221;transparent&#8221; position=&#8221;center&#8221; thickness=&#8221;1&#8243; up=&#8221;33&#8243; down=&#8221;0&#8243;][progress_bar show_percent_mark=&#8221;with_mark&#8221; title=&#8221;Consultoria&#8221; percent=&#8221;70&#8243; percent_color=&#8221;#8b8b8b&#8221;][\/vc_column][\/vc_row][vc_row row_type=&#8221;row&#8221; type=&#8221;grid&#8221; icon_pack=&#8221;font_awesome&#8221; content_menu_fe_icon=&#8221;arrow_back&#8221; text_align=&#8221;left&#8221; padding_top=&#8221;100&#8243; padding_bottom=&#8221;100&#8243; background_color=&#8221;#f5f5f5&#8243; use_row_as_full_screen_section=&#8221;no&#8221;][vc_column width=&#8221;1\/3&#8243;][vc_column_text]<\/p>\n<h6>Miss\u00e3o<\/h6>\n<p>[\/vc_column_text][vc_separator type=&#8221;transparent&#8221; position=&#8221;center&#8221; thickness=&#8221;1&#8243; up=&#8221;7&#8243; down=&#8221;0&#8243;][vc_column_text][vc_separator type=&#8221;transparent&#8221; position=&#8221;center&#8221; thickness=&#8221;1&#8243; up=&#8221;20&#8243; down=&#8221;0&#8243;][vc_column_text]Na a3+ contamos com uma experi\u00eancia profissional alargada. Pretendemos ser abrangentes, competitivos e contempor\u00e2neos, reunindo uma vasta gama de compet\u00eancias com vista a satisfazer os desejos do cliente e as exig\u00eancias do mercado vigente nas \u00e1reas em que actuamos.[\/vc_column_text][\/vc_column][vc_column width=&#8221;1\/3&#8243;][vc_column_text]<\/p>\n<h6>Vis\u00e3o<\/h6>\n<p>[\/vc_column_text][vc_separator type=&#8221;transparent&#8221; position=&#8221;center&#8221; thickness=&#8221;1&#8243; up=&#8221;7&#8243; down=&#8221;0&#8243;][vc_column_text][vc_separator type=&#8221;transparent&#8221; position=&#8221;center&#8221; thickness=&#8221;1&#8243; up=&#8221;20&#8243; down=&#8221;0&#8243;][vc_column_text]A a3+ tem como vis\u00e3o actuar como um dos Ateli\u00eas de refer\u00eancia nacional visando um crescimento sustentado baseado na \u00c9tica e Qualidade, procurando a Excel\u00eancia em todos os seus projectos.[\/vc_column_text][\/vc_column][vc_column width=&#8221;1\/3&#8243;][vc_column_text]<\/p>\n<h6>Valores<\/h6>\n<p>[\/vc_column_text][vc_separator type=&#8221;transparent&#8221; position=&#8221;center&#8221; thickness=&#8221;1&#8243; up=&#8221;7&#8243; down=&#8221;0&#8243;][vc_column_text][vc_separator type=&#8221;transparent&#8221; position=&#8221;center&#8221; thickness=&#8221;1&#8243; up=&#8221;20&#8243; down=&#8221;0&#8243;][vc_column_text]Relacionamento transparente, respons\u00e1vel e de confian\u00e7a em que o rigor, a qualidade, o cumprimento de prazos, o controlo or\u00e7amental e a procura das melhores solu\u00e7\u00f5es s\u00e3o o compromisso fundamental.[\/vc_column_text][\/vc_column][\/vc_row][vc_row row_type=&#8221;parallax&#8221; type=&#8221;full_width&#8221; icon_pack=&#8221;font_awesome&#8221; content_menu_fe_icon=&#8221;arrow_back&#8221; text_align=&#8221;left&#8221; background_image=&#8221;21335&#8243; section_height=&#8221;365&#8243;][vc_column width=&#8221;1\/1&#8243;][vc_row_inner row_type=&#8221;row&#8221; type=&#8221;grid&#8221; text_align=&#8221;left&#8221; padding_top=&#8221;50&#8243;][vc_column_inner width=&#8221;1\/1&#8243;][icons icon_pack=&#8221;font_elegant&#8221; fe_icon=&#8221;icon_quotations&#8221; fa_size=&#8221;fa-lg&#8221; type=&#8221;normal&#8221; link=&#8221;#&#8221; target=&#8221;_self&#8221; icon_color=&#8221;#e60094&#8243; custom_size=&#8221;50&#8243;][vc_separator type=&#8221;transparent&#8221; position=&#8221;center&#8221; up=&#8221;55&#8243; down=&#8221;0&#8243;][testimonials number=&#8221;5&#8243; show_navigation=&#8221;no&#8221; navigation_style=&#8221;dark&#8221; auto_rotate_slides=&#8221;3&#8243; animation_type=&#8221;fade&#8221; text_color=&#8221;#ffffff&#8221; author_text_color=&#8221;#a7a6a6&#8243; text_align=&#8221;left_align&#8221; category=&#8221;_art&#8221;][vc_separator type=&#8221;transparent&#8221; position=&#8221;center&#8221; up=&#8221;55&#8243; down=&#8221;0&#8243;][\/vc_column_inner][\/vc_row_inner][\/vc_column][\/vc_row]<\/p>\n<\/div>","protected":false},"excerpt":{"rendered":"<p>[vc_row][vc_column width=&#8221;1\/1&#8243;][blockquote text=&#8221;Porque n\u00f3s amamos o que fazemos&#8221; show_quote_icon=&#8221;yes&#8221;][\/vc_column][\/vc_row][vc_row row_type=&#8221;row&#8221; type=&#8221;grid&#8221; icon_pack=&#8221;font_awesome&#8221; content_menu_fe_icon=&#8221;arrow_back&#8221; text_align=&#8221;left&#8221; background_color=&#8221;#ffffff&#8221; padding_top=&#8221;80&#8243; padding_bottom=&#8221;111&#8243; use_row_as_full_screen_section=&#8221;no&#8221;][vc_column width=&#8221;1\/2&#8243;][vc_column_text] Quem somos [\/vc_column_text][vc_separator type=&#8221;transparent&#8221; position=&#8221;center&#8221; thickness=&#8221;1&#8243; up=&#8221;28&#8243; down=&#8221;0&#8243;][vc_column_text] Um pouco sobre n\u00f3s [\/vc_column_text][vc_separator type=&#8221;transparent&#8221; position=&#8221;center&#8221; thickness=&#8221;1&#8243; up=&#8221;40&#8243; down=&#8221;0&#8243;][vc_column_text]A a3+ apresenta-se como uma empresa que elabora projectos&#8230;<\/p>\n","protected":false},"author":1,"featured_media":0,"parent":0,"menu_order":0,"comment_status":"open","ping_status":"open","template":"full_width.php","meta":{"footnotes":""},"class_list":["post-18859","page","type-page","status-publish","hentry"],"_links":{"self":[{"href":"https:\/\/www.a3mais.com\/cms\/wp-json\/wp\/v2\/pages\/18859"}],"collection":[{"href":"https:\/\/www.a3mais.com\/cms\/wp-json\/wp\/v2\/pages"}],"about":[{"href":"https:\/\/www.a3mais.com\/cms\/wp-json\/wp\/v2\/types\/page"}],"author":[{"embeddable":true,"href":"https:\/\/www.a3mais.com\/cms\/wp-json\/wp\/v2\/users\/1"}],"replies":[{"embeddable":true,"href":"https:\/\/www.a3mais.com\/cms\/wp-json\/wp\/v2\/comments?post=18859"}],"version-history":[{"count":20,"href":"https:\/\/www.a3mais.com\/cms\/wp-json\/wp\/v2\/pages\/18859\/revisions"}],"predecessor-version":[{"id":22243,"href":"https:\/\/www.a3mais.com\/cms\/wp-json\/wp\/v2\/pages\/18859\/revisions\/22243"}],"wp:attachment":[{"href":"https:\/\/www.a3mais.com\/cms\/wp-json\/wp\/v2\/media?parent=18859"}],"curies":[{"name":"wp","href":"https:\/\/api.w.org\/{rel}","templated":true}]}}