{"id":19843,"date":"2014-06-13T11:03:41","date_gmt":"2014-06-13T11:03:41","guid":{"rendered":"http:\/\/demo.select-themes.com\/stockholm1\/?page_id=19843"},"modified":"2021-11-24T18:38:27","modified_gmt":"2021-11-24T18:38:27","slug":"home-default","status":"publish","type":"page","link":"https:\/\/www.a3mais.com\/cms\/home-default\/","title":{"rendered":"In\u00edcio"},"content":{"rendered":"<div class=\"wpb-content-wrapper\"><p>[vc_row row_type=&#8221;row&#8221; use_row_as_full_screen_section=&#8221;no&#8221; type=&#8221;full_width&#8221; anchor=&#8221;welcome&#8221; text_align=&#8221;left&#8221; background_color=&#8221;#ffffff&#8221; background_animation=&#8221;none&#8221; css_animation=&#8221;&#8221;][vc_column][vc_row_inner row_type=&#8221;row&#8221; type=&#8221;grid&#8221; use_row_as_full_screen_section_slide=&#8221;no&#8221; text_align=&#8221;left&#8221; background_color=&#8221;#ffffff&#8221; padding_top=&#8221;80&#8243; padding_bottom=&#8221;80&#8243; css_animation=&#8221;&#8221;][vc_column_inner][vc_column_text]<\/p>\n<h4>QUEM SOMOS<\/h4>\n<p>[\/vc_column_text][vc_separator type=&#8221;transparent&#8221; border_style=&#8221;&#8221; up=&#8221;20&#8243; down=&#8221;0&#8243;][vc_column_text]<\/p>\n<h2>UM POUCO SOBRE N\u00d3S<\/h2>\n<p>[\/vc_column_text][vc_separator type=&#8221;transparent&#8221; border_style=&#8221;&#8221; up=&#8221;40&#8243; down=&#8221;0&#8243;][vc_column_text]A a3+ apresenta-se como uma empresa que elabora projectos nas \u00e1reas da Arquitectura, Design\/Remodela\u00e7\u00f5es, Home Staging, Consultoria, Eventos e Comunica\u00e7\u00e3o.[\/vc_column_text][vc_separator type=&#8221;transparent&#8221; border_style=&#8221;&#8221; up=&#8221;40&#8243; down=&#8221;0&#8243;][blockquote text=&#8221;Porque n\u00f3s amamos o que fazemos&#8221; show_quote_icon=&#8221;yes&#8221;][\/vc_column_inner][\/vc_row_inner][\/vc_column][\/vc_row][vc_row row_type=&#8221;row&#8221; use_row_as_full_screen_section=&#8221;no&#8221; type=&#8221;full_width&#8221; text_align=&#8221;left&#8221; background_color=&#8221;#f5f5f5&#8243; background_animation=&#8221;none&#8221; padding_top=&#8221;75&#8243; padding_bottom=&#8221;55&#8243; css_animation=&#8221;&#8221;][vc_column][vc_row_inner row_type=&#8221;row&#8221; type=&#8221;grid&#8221; use_row_as_full_screen_section_slide=&#8221;no&#8221; text_align=&#8221;left&#8221; css_animation=&#8221;&#8221;][vc_column_inner width=&#8221;1\/3&#8243;][vc_column_text]<\/p>\n<h6>N\u00f3s somos<\/h6>\n<p>[\/vc_column_text][vc_separator type=&#8221;transparent&#8221; border_style=&#8221;&#8221; up=&#8221;5&#8243; down=&#8221;0&#8243;][vc_column_text]<\/p>\n<h5>Profissionais &amp;<br \/>\nCompetitivos<\/h5>\n<p>[\/vc_column_text][vc_separator type=&#8221;transparent&#8221; border_style=&#8221;&#8221; up=&#8221;20&#8243; down=&#8221;0&#8243;][vc_column_text]Em cada projecto procuramos ser abrangentes, competitivos e contempor\u00e2neos, acompanhando as exig\u00eancias do mercado.[\/vc_column_text][vc_separator type=&#8221;transparent&#8221; border_style=&#8221;&#8221; up=&#8221;20&#8243; down=&#8221;0&#8243;][\/vc_column_inner][vc_column_inner width=&#8221;1\/3&#8243;][vc_column_text]<\/p>\n<h6>N\u00f3s temos<\/h6>\n<p>[\/vc_column_text][vc_separator type=&#8221;transparent&#8221; border_style=&#8221;&#8221; up=&#8221;5&#8243; down=&#8221;0&#8243;][vc_column_text]<\/p>\n<h5>Experi\u00eancia &amp;<br \/>\nCompet\u00eancias<\/h5>\n<p>[\/vc_column_text][vc_separator type=&#8221;transparent&#8221; border_style=&#8221;&#8221; up=&#8221;20&#8243; down=&#8221;0&#8243;][vc_column_text]Contamos com uma experi\u00eancia profissional alargada. Trabalhamos com os mais diversos programas desde espa\u00e7os residenciais, comerciais, industriais, urban\u00edsticos, escrit\u00f3rios, equipamentos tur\u00edsticos, design de produtos, design, eventos e comunica\u00e7\u00e3o.[\/vc_column_text][vc_separator type=&#8221;transparent&#8221; border_style=&#8221;&#8221; up=&#8221;20&#8243; down=&#8221;0&#8243;][\/vc_column_inner][vc_column_inner width=&#8221;1\/3&#8243;][vc_column_text]<\/p>\n<h6>N\u00f3s oferecemos<\/h6>\n<p>[\/vc_column_text][vc_separator type=&#8221;transparent&#8221; border_style=&#8221;&#8221; up=&#8221;5&#8243; down=&#8221;0&#8243;][vc_column_text]<\/p>\n<h5>Personaliza\u00e7\u00e3o &amp; Customiza\u00e7\u00e3o<\/h5>\n<p>[\/vc_column_text][vc_separator type=&#8221;transparent&#8221; border_style=&#8221;&#8221; up=&#8221;20&#8243; down=&#8221;0&#8243;][vc_column_text]Relacionamento transparente, respons\u00e1vel e de confian\u00e7a totalmente orientado para o cliente.[\/vc_column_text][vc_separator type=&#8221;transparent&#8221; border_style=&#8221;&#8221; up=&#8221;20&#8243; down=&#8221;0&#8243;][\/vc_column_inner][\/vc_row_inner][\/vc_column][\/vc_row][vc_row row_type=&#8221;parallax&#8221; text_align=&#8221;left&#8221; background_image=&#8221;21335&#8243; full_screen_section_height=&#8221;no&#8221; section_height=&#8221;365&#8243;][vc_column][vc_row_inner row_type=&#8221;row&#8221; type=&#8221;grid&#8221; use_row_as_full_screen_section_slide=&#8221;no&#8221; text_align=&#8221;left&#8221; padding_top=&#8221;105&#8243; padding_bottom=&#8221;105&#8243; css_animation=&#8221;&#8221;][vc_column_inner width=&#8221;1\/4&#8243;][icons icon_pack=&#8221;font_awesome&#8221; fa_icon=&#8221;fa-coffee&#8221; fa_size=&#8221;fa-lg&#8221; custom_size=&#8221;50&#8243; type=&#8221;normal&#8221; position=&#8221;center&#8221; target=&#8221;_self&#8221; icon_color=&#8221;#ffffff&#8221;][vc_separator type=&#8221;transparent&#8221; border_style=&#8221;&#8221; up=&#8221;5&#8243; down=&#8221;0&#8243;][counter type=&#8221;random&#8221; position=&#8221;center&#8221; separator=&#8221;no&#8221; digit=&#8221;+3000&#8243; font_color=&#8221;#ffffff&#8221; text=&#8221;CAF\u00c9S&#8221; text_color=&#8221;#ffffff&#8221;][\/vc_column_inner][vc_column_inner width=&#8221;1\/4&#8243;][icons icon_pack=&#8221;font_awesome&#8221; fa_icon=&#8221;fa-briefcase&#8221; fa_size=&#8221;fa-lg&#8221; custom_size=&#8221;50&#8243; type=&#8221;normal&#8221; position=&#8221;center&#8221; target=&#8221;_self&#8221; icon_color=&#8221;#ffffff&#8221;][vc_separator type=&#8221;transparent&#8221; border_style=&#8221;&#8221; up=&#8221;5&#8243; down=&#8221;0&#8243;][counter type=&#8221;random&#8221; position=&#8221;center&#8221; separator=&#8221;no&#8221; digit=&#8221;+250&#8243; font_color=&#8221;#ffffff&#8221; text=&#8221;PROJECTOS&#8221; text_color=&#8221;#ffffff&#8221;][\/vc_column_inner][vc_column_inner width=&#8221;1\/4&#8243;][icons icon_pack=&#8221;font_awesome&#8221; fa_icon=&#8221;fa-thumbs-up&#8221; fa_size=&#8221;fa-lg&#8221; custom_size=&#8221;50&#8243; type=&#8221;normal&#8221; position=&#8221;center&#8221; target=&#8221;_self&#8221; icon_color=&#8221;#ffffff&#8221;][vc_separator type=&#8221;transparent&#8221; border_style=&#8221;&#8221; up=&#8221;5&#8243; down=&#8221;0&#8243;][counter type=&#8221;random&#8221; position=&#8221;center&#8221; separator=&#8221;no&#8221; digit=&#8221;+500&#8243; font_color=&#8221;#ffffff&#8221; text=&#8221;LIKES&#8221; text_color=&#8221;#ffffff&#8221;][\/vc_column_inner][vc_column_inner width=&#8221;1\/4&#8243;][icons icon_pack=&#8221;font_awesome&#8221; fa_icon=&#8221;fa-camera-retro&#8221; fa_size=&#8221;fa-lg&#8221; custom_size=&#8221;50&#8243; type=&#8221;normal&#8221; position=&#8221;center&#8221; target=&#8221;_self&#8221; icon_color=&#8221;#ffffff&#8221;][vc_separator type=&#8221;transparent&#8221; border_style=&#8221;&#8221; up=&#8221;5&#8243; down=&#8221;0&#8243;][counter type=&#8221;random&#8221; position=&#8221;center&#8221; separator=&#8221;no&#8221; digit=&#8221;+9000&#8243; font_color=&#8221;#ffffff&#8221; text=&#8221;FOTOGRAFIAS&#8221; text_color=&#8221;#ffffff&#8221;][\/vc_column_inner][\/vc_row_inner][\/vc_column][\/vc_row][vc_row row_type=&#8221;row&#8221; use_row_as_full_screen_section=&#8221;no&#8221; type=&#8221;full_width&#8221; text_align=&#8221;left&#8221; background_color=&#8221;#ffffff&#8221; background_animation=&#8221;none&#8221; css_animation=&#8221;&#8221;][vc_column][vc_row_inner row_type=&#8221;row&#8221; type=&#8221;grid&#8221; use_row_as_full_screen_section_slide=&#8221;no&#8221; text_align=&#8221;left&#8221; padding_top=&#8221;80&#8243; padding_bottom=&#8221;80&#8243; css_animation=&#8221;&#8221;][vc_column_inner][vc_column_text]<\/p>\n<h4>O QUE N\u00d3S FAZEMOS<\/h4>\n<p>[\/vc_column_text][vc_separator type=&#8221;transparent&#8221; border_style=&#8221;&#8221; up=&#8221;20&#8243; down=&#8221;0&#8243;][vc_column_text]<\/p>\n<h2>ALGUNS DOS NOSSOS TRABALHOS<\/h2>\n<p>[\/vc_column_text][vc_separator type=&#8221;transparent&#8221; border_style=&#8221;&#8221; up=&#8221;40&#8243; down=&#8221;0&#8243;][vc_column_text]A melhor forma de conhecer a qualidade dos nossos projectos \u00e9 conhecendo o nosso portfolio.[\/vc_column_text][\/vc_column_inner][\/vc_row_inner][portfolio_list type=&#8221;hover_text_no_space&#8221; hover_type=&#8221;elegant_hover&#8221; columns=&#8221;4&#8243; order=&#8221;ASC&#8221; lightbox=&#8221;no&#8221; show_like=&#8221;no&#8221; show_load_more=&#8221;no&#8221; number=&#8221;8&#8243; title_tag=&#8221;h5&#8243;][\/vc_column][\/vc_row][vc_row row_type=&#8221;row&#8221; use_row_as_full_screen_section=&#8221;no&#8221; type=&#8221;full_width&#8221; text_align=&#8221;left&#8221; background_animation=&#8221;none&#8221; css_animation=&#8221;&#8221;][vc_column][call_to_action full_width=&#8221;yes&#8221; content_in_grid=&#8221;yes&#8221; type=&#8221;normal&#8221; show_button=&#8221;yes&#8221; button_target=&#8221;_self&#8221; button_text=&#8221;CONTACTE-NOS&#8221; button_text_color=&#8221;#ffffff&#8221; button_hover_text_color=&#8221;#e60094&#8243; button_background_color=&#8221;#e60094&#8243; button_border_color=&#8221;#e60094&#8243; button_link=&#8221;?page_id=18918&#8243; button_hover_background_color=&#8221;#f5f5f5&#8243;][custom_font font_family=&#8221;Crete Round&#8221; font_size=&#8221;17&#8243; line_height=&#8221;26&#8243; font_style=&#8221;italic&#8221; text_align=&#8221;left&#8221; font_weight=&#8221;400&#8243; color=&#8221;&#8221; background_color=&#8221;&#8221; text_decoration=&#8221;none&#8221; text_shadow=&#8221;no&#8221; letter_spacing=&#8221;0&#8243; padding=&#8221;0&#8243; margin=&#8221;0&#8243;]Gostou do que viu? Fale connosco e n\u00f3s entraremos em contacto consigo.[\/custom_font][\/call_to_action][\/vc_column][\/vc_row][vc_row row_type=&#8221;parallax&#8221; text_align=&#8221;left&#8221; full_screen_section_height=&#8221;no&#8221;][vc_column][\/vc_column][\/vc_row][vc_row row_type=&#8221;row&#8221; use_row_as_full_screen_section=&#8221;no&#8221; type=&#8221;full_width&#8221; text_align=&#8221;left&#8221; background_image=&#8221;21335&#8243; background_color=&#8221;#ffffff&#8221; background_animation=&#8221;none&#8221; css_animation=&#8221;&#8221;][vc_column][vc_row_inner row_type=&#8221;row&#8221; type=&#8221;grid&#8221; use_row_as_full_screen_section_slide=&#8221;no&#8221; text_align=&#8221;left&#8221; padding_top=&#8221;95&#8243; css_animation=&#8221;&#8221;][vc_column_inner width=&#8221;1\/2&#8243;][vc_column_text]<\/p>\n<h4><\/h4>\n<h4><span style=\"color: #ffffff;\">AQUILO EM QUE SOMOS BONS<\/span><\/h4>\n<p>[\/vc_column_text][vc_separator type=&#8221;transparent&#8221; border_style=&#8221;&#8221; up=&#8221;20&#8243; down=&#8221;0&#8243;][vc_column_text]<\/p>\n<h2><span style=\"color: #ffffff;\">COMPET\u00caNCIAS ADQUIRIDAS<\/span><\/h2>\n<p>[\/vc_column_text][vc_separator type=&#8221;transparent&#8221; border_style=&#8221;&#8221; up=&#8221;40&#8243; down=&#8221;0&#8243;][vc_column_text]<span style=\"color: #ffffff;\">O atelier a3+ \u00e9 composto por uma equipa multidisciplinar com compet\u00eancias nas seguintes \u00e1reas:<\/span><\/p>\n<ul style=\"color: #ffffff;\">\n<li>Projectos Arquitectura;<\/li>\n<li>Design &amp; Remodela\u00e7\u00f5es de Interiores<\/li>\n<li>Projectos Empresas;<\/li>\n<li>Valoriza\u00e7\u00e3o ou Home Staging;<\/li>\n<li>Consultoria<\/li>\n<li>Design &amp; Comunica\u00e7\u00e3o Corporate e Eventos<\/li>\n<li>Web Design<\/li>\n<\/ul>\n<p>[\/vc_column_text][vc_separator type=&#8221;transparent&#8221; border_style=&#8221;&#8221; up=&#8221;40&#8243; down=&#8221;0&#8243;][vc_separator type=&#8221;transparent&#8221; border_style=&#8221;&#8221; up=&#8221;40&#8243; down=&#8221;0&#8243;][\/vc_column_inner][vc_column_inner width=&#8221;1\/2&#8243;][vc_separator type=&#8221;transparent&#8221; border_style=&#8221;&#8221; thickness=&#8221;1&#8243; up=&#8221;33&#8243; down=&#8221;0&#8243;][progress_bar show_percent_mark=&#8221;with_mark&#8221; title=&#8221;Compet\u00eancias&#8221; percent=&#8221;85&#8243; title_color=&#8221;#ffffff&#8221; percent_color=&#8221;#ffffff&#8221;][vc_separator type=&#8221;transparent&#8221; border_style=&#8221;&#8221; thickness=&#8221;1&#8243; up=&#8221;33&#8243; down=&#8221;0&#8243;][progress_bar show_percent_mark=&#8221;without_mark&#8221; title=&#8221;Anos de Experi\u00eancia&#8221; percent=&#8221;15&#8243; title_color=&#8221;#ffffff&#8221; percent_color=&#8221;#ffffff&#8221;][vc_separator type=&#8221;transparent&#8221; border_style=&#8221;&#8221; thickness=&#8221;1&#8243; up=&#8221;33&#8243; down=&#8221;0&#8243;][progress_bar show_percent_mark=&#8221;with_mark&#8221; title=&#8221;Orientada ao cliente&#8221; percent=&#8221;100&#8243; title_color=&#8221;#ffffff&#8221; percent_color=&#8221;#ffffff&#8221;][\/vc_column_inner][\/vc_row_inner][\/vc_column][\/vc_row][vc_row row_type=&#8221;row&#8221; use_row_as_full_screen_section=&#8221;no&#8221; type=&#8221;full_width&#8221; text_align=&#8221;left&#8221; background_color=&#8221;#ffffff&#8221; background_animation=&#8221;none&#8221; css_animation=&#8221;&#8221;][vc_column][vc_row_inner row_type=&#8221;row&#8221; type=&#8221;grid&#8221; use_row_as_full_screen_section_slide=&#8221;no&#8221; text_align=&#8221;left&#8221; padding_top=&#8221;95&#8243; css_animation=&#8221;&#8221;][vc_column_inner][vc_column_text]<\/p>\n<h4>SOCIALIZE-SE<\/h4>\n<p>[\/vc_column_text][vc_separator type=&#8221;transparent&#8221; border_style=&#8221;&#8221; up=&#8221;20&#8243; down=&#8221;0&#8243;][vc_column_text]<\/p>\n<h2>SIGA-NOS NAS REDES SOCIAS<\/h2>\n<p>[\/vc_column_text][vc_separator type=&#8221;transparent&#8221; border_style=&#8221;&#8221; up=&#8221;40&#8243; down=&#8221;0&#8243;][vc_column_text]Na a3+ apostamos nas Redes Sociais como outro meio de contacto e comunica\u00e7\u00e3o.<br \/>\nPara que voc\u00ea fique mais pr\u00f3ximo de n\u00f3s e n\u00f3s de si.[\/vc_column_text][\/vc_column_inner][\/vc_row_inner][vc_row_inner row_type=&#8221;row&#8221; type=&#8221;grid&#8221; use_row_as_full_screen_section_slide=&#8221;no&#8221; text_align=&#8221;left&#8221; padding_top=&#8221;85&#8243; padding_bottom=&#8221;75&#8243; css_animation=&#8221;&#8221;][vc_column_inner width=&#8221;1\/4&#8243;][icon_text box_type=&#8221;normal&#8221; icon_pack=&#8221;font_elegant&#8221; fe_icon=&#8221;social_facebook&#8221; icon_type=&#8221;circle&#8221; icon_position=&#8221;left&#8221; title=&#8221;FACEBOOK&#8221; text=&#8221;www.facebook.com\/a3mais&#8221; custom_icon_size=&#8221;28&#8243;][\/vc_column_inner][vc_column_inner width=&#8221;1\/4&#8243;][icon_text box_type=&#8221;normal&#8221; icon_pack=&#8221;font_elegant&#8221; fe_icon=&#8221;social_googleplus&#8221; icon_type=&#8221;circle&#8221; icon_position=&#8221;left&#8221; title=&#8221;GOOGLE +&#8221; text=&#8221;plus.google.com\/+A3mais&#8221; custom_icon_size=&#8221;28&#8243;][\/vc_column_inner][vc_column_inner width=&#8221;1\/4&#8243;][icon_text box_type=&#8221;normal&#8221; icon_pack=&#8221;font_elegant&#8221; fe_icon=&#8221;social_linkedin&#8221; icon_type=&#8221;circle&#8221; icon_position=&#8221;left&#8221; title=&#8221;LINKEDIN&#8221; text=&#8221;www.linkedin.com\/company\/a3-&#8221; custom_icon_size=&#8221;28&#8243;][\/vc_column_inner][\/vc_row_inner][\/vc_column][\/vc_row]<\/p>\n<\/div>","protected":false},"excerpt":{"rendered":"<p>[vc_row row_type=&#8221;row&#8221; use_row_as_full_screen_section=&#8221;no&#8221; type=&#8221;full_width&#8221; anchor=&#8221;welcome&#8221; text_align=&#8221;left&#8221; background_color=&#8221;#ffffff&#8221; background_animation=&#8221;none&#8221; css_animation=&#8221;&#8221;][vc_column][vc_row_inner row_type=&#8221;row&#8221; type=&#8221;grid&#8221; use_row_as_full_screen_section_slide=&#8221;no&#8221; text_align=&#8221;left&#8221; background_color=&#8221;#ffffff&#8221; padding_top=&#8221;80&#8243; padding_bottom=&#8221;80&#8243; css_animation=&#8221;&#8221;][vc_column_inner][vc_column_text] QUEM SOMOS [\/vc_column_text][vc_separator type=&#8221;transparent&#8221; border_style=&#8221;&#8221; up=&#8221;20&#8243; down=&#8221;0&#8243;][vc_column_text] UM POUCO SOBRE N\u00d3S [\/vc_column_text][vc_separator type=&#8221;transparent&#8221; border_style=&#8221;&#8221; up=&#8221;40&#8243; down=&#8221;0&#8243;][vc_column_text]A a3+ apresenta-se como uma empresa que elabora projectos nas \u00e1reas da Arquitectura,&#8230;<\/p>\n","protected":false},"author":1,"featured_media":0,"parent":0,"menu_order":0,"comment_status":"open","ping_status":"open","template":"full_width.php","meta":{"footnotes":""},"class_list":["post-19843","page","type-page","status-publish","hentry"],"_links":{"self":[{"href":"https:\/\/www.a3mais.com\/cms\/wp-json\/wp\/v2\/pages\/19843"}],"collection":[{"href":"https:\/\/www.a3mais.com\/cms\/wp-json\/wp\/v2\/pages"}],"about":[{"href":"https:\/\/www.a3mais.com\/cms\/wp-json\/wp\/v2\/types\/page"}],"author":[{"embeddable":true,"href":"https:\/\/www.a3mais.com\/cms\/wp-json\/wp\/v2\/users\/1"}],"replies":[{"embeddable":true,"href":"https:\/\/www.a3mais.com\/cms\/wp-json\/wp\/v2\/comments?post=19843"}],"version-history":[{"count":82,"href":"https:\/\/www.a3mais.com\/cms\/wp-json\/wp\/v2\/pages\/19843\/revisions"}],"predecessor-version":[{"id":22316,"href":"https:\/\/www.a3mais.com\/cms\/wp-json\/wp\/v2\/pages\/19843\/revisions\/22316"}],"wp:attachment":[{"href":"https:\/\/www.a3mais.com\/cms\/wp-json\/wp\/v2\/media?parent=19843"}],"curies":[{"name":"wp","href":"https:\/\/api.w.org\/{rel}","templated":true}]}}