{"id":20273,"date":"2014-07-07T14:26:05","date_gmt":"2014-07-07T14:26:05","guid":{"rendered":"http:\/\/demo.select-themes.com\/stockholm1\/?page_id=20273"},"modified":"2016-12-07T00:01:55","modified_gmt":"2016-12-07T00:01:55","slug":"servicos","status":"publish","type":"page","link":"https:\/\/www.a3mais.com\/cms\/servicos\/","title":{"rendered":"Servi\u00e7os"},"content":{"rendered":"<div class=\"wpb-content-wrapper\"><p>[vc_row row_type=&#8221;row&#8221; type=&#8221;grid&#8221; icon_pack=&#8221;font_awesome&#8221; content_menu_fe_icon=&#8221;arrow_back&#8221; text_align=&#8221;left&#8221; padding_top=&#8221;100&#8243; padding_bottom=&#8221;100&#8243; background_color=&#8221;#ffffff&#8221;][vc_column width=&#8221;1\/3&#8243;][vc_column_text]<\/p>\n<h6>Projectos<\/h6>\n<p>[\/vc_column_text][vc_separator type=&#8221;transparent&#8221; position=&#8221;center&#8221; thickness=&#8221;1&#8243; up=&#8221;7&#8243; down=&#8221;0&#8243;][vc_column_text]<\/p>\n<h5>Arquitectura<\/h5>\n<p>[\/vc_column_text][vc_separator type=&#8221;transparent&#8221; position=&#8221;center&#8221; thickness=&#8221;1&#8243; up=&#8221;20&#8243; down=&#8221;0&#8243;][vc_column_text]N\u00f3s constru\u00edmos a sua casa a partir do zero. A a3 + desenvolve o seu projeto com o acompanhamento de todos os procedimentos legais e executa o trabalho de forma r\u00e1pida e sem preocupa\u00e7\u00f5es.[\/vc_column_text][\/vc_column][vc_column width=&#8221;1\/3&#8243;][vc_column_text]<\/p>\n<h6>Interiores<\/h6>\n<p>[\/vc_column_text][vc_separator type=&#8221;transparent&#8221; position=&#8221;center&#8221; thickness=&#8221;1&#8243; up=&#8221;7&#8243; down=&#8221;0&#8243;][vc_column_text]<\/p>\n<h5>Design\/Remodela\u00e7\u00f5es<\/h5>\n<p>[\/vc_column_text][vc_separator type=&#8221;transparent&#8221; position=&#8221;center&#8221; thickness=&#8221;1&#8243; up=&#8221;20&#8243; down=&#8221;0&#8243;][vc_column_text]Tenha o espa\u00e7o de sonho que sempre quiz sem preocupa\u00e7\u00f5es ao remodelar a sua casa. N\u00f3s disponibilizamos um servi\u00e7o que garante a qualidade e est\u00e9tica, combinada com acompanhamento e prazos rigorosos, e um or\u00e7amento \u00e0 sua medida.[\/vc_column_text][\/vc_column][vc_column width=&#8221;1\/3&#8243;][vc_column_text]<\/p>\n<h6>Projectos<\/h6>\n<p>[\/vc_column_text][vc_separator type=&#8221;transparent&#8221; position=&#8221;center&#8221; thickness=&#8221;1&#8243; up=&#8221;7&#8243; down=&#8221;0&#8243;][vc_column_text]<\/p>\n<h5>Com\u00e9rcio &amp; Servi\u00e7os<\/h5>\n<p>[\/vc_column_text][vc_separator type=&#8221;transparent&#8221; position=&#8221;center&#8221; thickness=&#8221;1&#8243; up=&#8221;20&#8243; down=&#8221;0&#8243;][vc_column_text]Vai abrir ou apenas quer reformar seu escrit\u00f3rio ou espa\u00e7o comercial? Elaboramos o projecto do seu espa\u00e7o de acordo com o seu neg\u00f3cio, executamos a obra e ainda criamos a identidade da sua empresa. E tudo num s\u00f3 lugar, n\u00e3o se preocupe.[\/vc_column_text][\/vc_column][vc_column][vc_empty_space height=&#8221;64px&#8221;][\/vc_column][vc_column width=&#8221;1\/3&#8243;][vc_column_text]<\/p>\n<h6>Valoriza\u00e7\u00e3o<\/h6>\n<p>[\/vc_column_text][vc_separator type=&#8221;transparent&#8221; position=&#8221;center&#8221; thickness=&#8221;1&#8243; up=&#8221;7&#8243;][vc_column_text]<\/p>\n<h5>Home Staging<\/h5>\n<p>[\/vc_column_text][vc_separator type=&#8221;transparent&#8221; position=&#8221;center&#8221; thickness=&#8221;1&#8243; up=&#8221;20&#8243; down=&#8221;0&#8243;][vc_column_text]T\u00eam propriedades para arrendar ou vender? Saiba como rentabilizar o seu neg\u00f3cio atrav\u00e9s da valoriza\u00e7\u00e3o da sua propriedade.<\/p>\n<p>A a3 + organiza e cria espa\u00e7os sedutores adaptados \u00e0s exig\u00eancias da modernidade, diferenciando o seu im\u00f3vel no mercado.[\/vc_column_text][\/vc_column][vc_column width=&#8221;1\/3&#8243;][vc_column_text]<\/p>\n<h6>Projectos<\/h6>\n<p>[\/vc_column_text][vc_separator type=&#8221;transparent&#8221; position=&#8221;center&#8221; thickness=&#8221;1&#8243; up=&#8221;7&#8243;][vc_column_text]<\/p>\n<h5>Consultoria<\/h5>\n<p>[\/vc_column_text][vc_separator type=&#8221;transparent&#8221; position=&#8221;center&#8221; thickness=&#8221;1&#8243; up=&#8221;20&#8243; down=&#8221;0&#8243;][vc_column_text]Ideal para aqueles que querem fazer mudan\u00e7as e n\u00e3o sabem como. Com a nossa ajuda, melhore o seu espa\u00e7o atrav\u00e9s de um diagn\u00f3stico e de uma selec\u00e7\u00e3o de pe\u00e7as para mudar, com base no conceito de <em>&#8220;inspiration board&#8221;<\/em>.[\/vc_column_text][\/vc_column][vc_column width=&#8221;1\/3&#8243;][vc_column_text]<\/p>\n<h6>Design<\/h6>\n<p>[\/vc_column_text][vc_separator type=&#8221;transparent&#8221; position=&#8221;center&#8221; thickness=&#8221;1&#8243; up=&#8221;7&#8243;][vc_column_text]<\/p>\n<h5>Corporate\/Eventos<\/h5>\n<p>[\/vc_column_text][vc_separator type=&#8221;transparent&#8221; position=&#8221;center&#8221; thickness=&#8221;1&#8243; up=&#8221;20&#8243; down=&#8221;0&#8243;][vc_column_text]Quer reformular a imagem corporativa da sua empresa, criar ou renovar um site, planear um evento de trabalho ou simplesmente ter um espa\u00e7o bem decorado? Este \u00e9 o servi\u00e7o indicado para si.[\/vc_column_text][\/vc_column][\/vc_row][vc_row row_type=&#8221;row&#8221; type=&#8221;full_width&#8221; icon_pack=&#8221;font_awesome&#8221; content_menu_fe_icon=&#8221;arrow_back&#8221; text_align=&#8221;left&#8221; background_color=&#8221;#f5f5f5&#8243;][vc_column width=&#8221;1\/1&#8243;][vc_row_inner row_type=&#8221;row&#8221; type=&#8221;grid&#8221; text_align=&#8221;left&#8221; padding_top=&#8221;110&#8243; padding_bottom=&#8221;60&#8243;][vc_column_inner width=&#8221;2\/3&#8243;][vc_separator type=&#8221;transparent&#8221; position=&#8221;center&#8221; up=&#8221;5&#8243; down=&#8221;0&#8243;][icon_text box_type=&#8221;normal&#8221; box_border=&#8221;yes&#8221; icon_pack=&#8221;font_elegant&#8221; fe_icon=&#8221;icon_house&#8221; icon_type=&#8221;circle&#8221; icon_size=&#8221;fa-lg&#8221; icon_position=&#8221;left&#8221; title=&#8221;Arquitectura&#8221; custom_icon_size=&#8221;28&#8243; text_left_padding=&#8221;110&#8243; text=&#8221;<\/p>\n<ul>\n<li>Elabora\u00e7\u00e3o de projecto de arquitectura e especialidades<\/li>\n<li>Apoio no licenciamento junto de C\u00e2maras Municipais<\/li>\n<li>Execu\u00e7\u00e3o e acompanhamento t\u00e9cnico de obra.<\/li>\n<\/ul>\n<p>&#8220;][icon_text box_type=&#8221;normal&#8221; box_border=&#8221;yes&#8221; icon_pack=&#8221;font_elegant&#8221; fe_icon=&#8221;icon_building&#8221; icon_type=&#8221;circle&#8221; icon_size=&#8221;fa-lg&#8221; icon_position=&#8221;left&#8221; title=&#8221;Empresas\/Com\u00e9rcio&#8221; text=&#8221;<\/p>\n<ul>\n<li>Projecto de remodela\u00e7\u00e3o de acordo com legisla\u00e7\u00e3o exigida para o seu neg\u00f3cio<\/li>\n<li>Execu\u00e7\u00e3o e acompanhamento de obra<\/li>\n<li>Cria\u00e7\u00e3o de Imagem: logotipo, site, cart\u00f5es, flyers, documentos, decora\u00e7\u00e3o montra e viaturas<\/li>\n<li>Re-organiza\u00e7\u00e3o e decora\u00e7\u00e3o de espa\u00e7os<\/li>\n<li>Personaliza\u00e7\u00e3o de mobili\u00e1rio e pe\u00e7as para o seu neg\u00f3cio<\/li>\n<li>Organiza\u00e7\u00e3o\/Decora\u00e7\u00e3o de Eventos Corporativos<\/li>\n<\/ul>\n<p>&#8221; custom_icon_size=&#8221;28&#8243; text_left_padding=&#8221;110&#8243;][vc_separator type=&#8221;transparent&#8221; position=&#8221;center&#8221; up=&#8221;25&#8243; down=&#8221;0&#8243;][icon_text box_type=&#8221;normal&#8221; box_border=&#8221;yes&#8221; icon_pack=&#8221;font_elegant&#8221; fe_icon=&#8221;icon_clipboard&#8221; icon_type=&#8221;circle&#8221; icon_size=&#8221;fa-lg&#8221; icon_position=&#8221;left&#8221; title=&#8221;Design\/Remodela\u00e7\u00f5es&#8221; text=&#8221;<\/p>\n<ul>\n<li>Solu\u00e7\u00f5es chave-na-m\u00e3o<\/li>\n<li>Projectos de Arquitectura e Design de Interiores<\/li>\n<li>Execu\u00e7\u00e3o e acompanhamento em todos os procedimentos da obra<\/li>\n<li>Execu\u00e7\u00e3o de redes de Electricidade e Canaliza\u00e7\u00e3o<\/li>\n<li>Carpintaria: cozinhas, portas e roupeiros, m\u00f3veis por medida<\/li>\n<li>Fornecimento e instala\u00e7\u00e3o de Electrodom\u00e9sticos<\/li>\n<li>Decora\u00e7\u00e3o: t\u00eaxteis, ilumina\u00e7\u00e3o, papel de parede, mobili\u00e1rio, pe\u00e7as personalizadas<\/li>\n<\/ul>\n<p>&#8221; custom_icon_size=&#8221;28&#8243; text_left_padding=&#8221;110&#8243;][vc_separator type=&#8221;transparent&#8221; position=&#8221;center&#8221; up=&#8221;25&#8243; down=&#8221;0&#8243;][icon_text box_type=&#8221;normal&#8221; box_border=&#8221;yes&#8221; icon_pack=&#8221;font_elegant&#8221; fe_icon=&#8221;icon_cog&#8221; icon_type=&#8221;circle&#8221; icon_size=&#8221;fa-lg&#8221; icon_position=&#8221;left&#8221; title=&#8221;Home Staging&#8221; text=&#8221;<\/p>\n<ul>\n<li>Prepara\u00e7\u00e3o de im\u00f3veis para venda e arrendamento<\/li>\n<li>Avalia\u00e7\u00e3o do im\u00f3vel &#8211; Levantamento dos pontos que necessitam de interven\u00e7\u00e3o<\/li>\n<li>Selec\u00e7\u00e3o e organiza\u00e7\u00e3o do mobili\u00e1rio e dos objetos existentes em cada divis\u00e3o<\/li>\n<li>Execu\u00e7\u00e3o de repara\u00e7\u00f5es \/ altera\u00e7\u00f5es necess\u00e1rias<\/li>\n<li>Cria\u00e7\u00e3o de ambientes<\/li>\n<li>Produ\u00e7\u00e3o fotogr\u00e1fica<\/li>\n<\/ul>\n<p>&#8221; custom_icon_size=&#8221;28&#8243; text_left_padding=&#8221;110&#8243;][vc_separator type=&#8221;transparent&#8221; position=&#8221;center&#8221; up=&#8221;25&#8243; down=&#8221;0&#8243;][icon_text box_type=&#8221;normal&#8221; box_border=&#8221;yes&#8221; icon_pack=&#8221;font_elegant&#8221; fe_icon=&#8221;icon_datareport&#8221; icon_type=&#8221;circle&#8221; icon_size=&#8221;fa-lg&#8221; icon_position=&#8221;left&#8221; title=&#8221;Consultoria&#8221; text=&#8221;<\/p>\n<ul>\n<li>Encontrar uma melhor solu\u00e7\u00e3o para os espa\u00e7os a intervir<\/li>\n<li>Organiza\u00e7\u00e3o e cria\u00e7\u00e3o de ambientes<\/li>\n<li>Sugest\u00e3o de ideias que podem ser executadas por si<\/li>\n<li>Diagn\u00f3stico de elementos a alterar\/substituir<\/li>\n<li>Lista de lojas e fornecedores com produtos ou servi\u00e7os que respondem da melhor forma naquele espa\u00e7o<\/li>\n<\/ul>\n<p>&#8221; custom_icon_size=&#8221;28&#8243; text_left_padding=&#8221;110&#8243;][vc_separator type=&#8221;transparent&#8221; position=&#8221;center&#8221; up=&#8221;25&#8243; down=&#8221;0&#8243;][icon_text box_type=&#8221;normal&#8221; box_border=&#8221;yes&#8221; icon_pack=&#8221;font_elegant&#8221; fe_icon=&#8221;icon_id&#8221; icon_type=&#8221;circle&#8221; icon_size=&#8221;fa-lg&#8221; icon_position=&#8221;left&#8221; title=&#8221;Design\/Eventos&#8221; text=&#8221;<\/p>\n<ul>\n<li>Cria\u00e7\u00e3o de Imagem: logotipo, site, cart\u00f5es, flyers, documentos, publicidade, brochuras, decora\u00e7\u00e3o montra e viaturas<\/li>\n<li>Organiza\u00e7\u00e3o\/Decora\u00e7\u00e3o de Eventos (inaugura\u00e7\u00f5es, apresenta\u00e7\u00f5es institucionais, anivers\u00e1rios, batizados, casamentos, etc)<\/li>\n<li>Produ\u00e7\u00e3o fotogr\u00e1fica<\/li>\n<\/ul>\n<p>&#8221; custom_icon_size=&#8221;28&#8243; text_left_padding=&#8221;110&#8243;][\/vc_column_inner][vc_column_inner width=&#8221;1\/3&#8243;][vc_single_image image=&#8221;21876&#8243; alignment=&#8221;right&#8221; border_color=&#8221;grey&#8221; img_link_target=&#8221;_self&#8221; img_size=&#8221;full&#8221;][\/vc_column_inner][\/vc_row_inner][\/vc_column][\/vc_row]<\/p>\n<\/div>","protected":false},"excerpt":{"rendered":"<p>[vc_row row_type=&#8221;row&#8221; type=&#8221;grid&#8221; icon_pack=&#8221;font_awesome&#8221; content_menu_fe_icon=&#8221;arrow_back&#8221; text_align=&#8221;left&#8221; padding_top=&#8221;100&#8243; padding_bottom=&#8221;100&#8243; background_color=&#8221;#ffffff&#8221;][vc_column width=&#8221;1\/3&#8243;][vc_column_text] Projectos [\/vc_column_text][vc_separator type=&#8221;transparent&#8221; position=&#8221;center&#8221; thickness=&#8221;1&#8243; up=&#8221;7&#8243; down=&#8221;0&#8243;][vc_column_text] Arquitectura [\/vc_column_text][vc_separator type=&#8221;transparent&#8221; position=&#8221;center&#8221; thickness=&#8221;1&#8243; up=&#8221;20&#8243; down=&#8221;0&#8243;][vc_column_text]N\u00f3s constru\u00edmos a sua casa a partir do zero. A a3 + desenvolve o seu projeto com o acompanhamento de todos os&#8230;<\/p>\n","protected":false},"author":1,"featured_media":0,"parent":0,"menu_order":0,"comment_status":"open","ping_status":"open","template":"full_width.php","meta":{"footnotes":""},"class_list":["post-20273","page","type-page","status-publish","hentry"],"_links":{"self":[{"href":"https:\/\/www.a3mais.com\/cms\/wp-json\/wp\/v2\/pages\/20273"}],"collection":[{"href":"https:\/\/www.a3mais.com\/cms\/wp-json\/wp\/v2\/pages"}],"about":[{"href":"https:\/\/www.a3mais.com\/cms\/wp-json\/wp\/v2\/types\/page"}],"author":[{"embeddable":true,"href":"https:\/\/www.a3mais.com\/cms\/wp-json\/wp\/v2\/users\/1"}],"replies":[{"embeddable":true,"href":"https:\/\/www.a3mais.com\/cms\/wp-json\/wp\/v2\/comments?post=20273"}],"version-history":[{"count":47,"href":"https:\/\/www.a3mais.com\/cms\/wp-json\/wp\/v2\/pages\/20273\/revisions"}],"predecessor-version":[{"id":22225,"href":"https:\/\/www.a3mais.com\/cms\/wp-json\/wp\/v2\/pages\/20273\/revisions\/22225"}],"wp:attachment":[{"href":"https:\/\/www.a3mais.com\/cms\/wp-json\/wp\/v2\/media?parent=20273"}],"curies":[{"name":"wp","href":"https:\/\/api.w.org\/{rel}","templated":true}]}}